{"id":359,"date":"2011-04-01T19:41:46","date_gmt":"2011-04-01T18:41:46","guid":{"rendered":"http:\/\/www.uni-muenster.de\/FSKusa\/?page_id=359"},"modified":"2019-09-08T22:27:10","modified_gmt":"2019-09-08T20:27:10","slug":"impressum","status":"publish","type":"page","link":"https:\/\/www.uni-muenster.de\/FSKusa\/?page_id=359","title":{"rendered":"Impressum"},"content":{"rendered":"<p style=\"text-align: justify;\">F\u00fcr diese Seiten ist der Fachschaftsrat Kultur- und Sozialanthropologie (FS KuSA) der Westf\u00e4lischen-Wilhelms-Universit\u00e4t M\u00fcnster verantwortlich:<\/p>\n<p style=\"text-align: justify;\"><strong>Fachschaftsrat Kultur- und Sozialanthropologie<\/strong><br \/>\nScharnhorststr. 100, 4. Stock<br \/>\n48151 M\u00fcnster<\/p>\n<p style=\"text-align: justify;\">Telefon: +49 (251) 8323055<br \/>\nE-Mail: fskusa@uni-muenster.de<\/p>\n<p style=\"text-align: justify;\"><img loading=\"lazy\" src=\"data:image\/png;base64,iVBORw0KGgoAAAANSUhEUgAAAb4AAAAPCAYAAACbbKqNAAAKd2lDQ1BJQ0MgUHJvZmlsZQAAeAHVlmdUFMkahqu7JwfCDAwZhpxzBslxyDmJyjBDhnEYMmZFXMEVRUQElAVZJSi4KkEWFTFgRFAx64IsAsq6GDCBchu4oOfcu\/\/un1vndPXTb331dXV\/Vee8AFC62Hx+MiwCQAovXRDg5sgMC49g4h8DBEgAGtqbszlpfAc\/Py\/wj+3DPQDNDd7Rncv1j2H\/fUCUG5PGAQDyQ4ejuWmcFJRPoTzD4QvSAYCPo9yXlc5HGdmIspgAXSDKJXMct8B1cxy9wJ3zMUEBTmhMHwAECpstiAOA\/ATVmZmcODQPeQZlAx43gQcARQdlW048m4vy3Np1UlJWz3EZyhrRP+SJ+4HZ7OilnGx23BIvfAs6E32xc0IaP5mdM\/\/wv+xSkjPQ\/zXfaGhP4SX7zNVGDL3GuGxnz0XmJ8\/XbF6P4QUHLuq8aB\/fRY4VuAYsMj\/d8Qf2C1rUc+OdfBY5Js1lKU8i22OuZvP5BRkBwYuclhnossi58UGhi8yNcV7SYxNcWYt6Qjpr6V1Jqz2X1gACQQ7gAQ7wBmyQBtJBDBCkx2Sno\/OA02p+jiAhLj6d6YDuuBgdJovH0dNhGhkYGs4N\/9+0ubO2sNh3jPkzBDGufdfS0fraXEP38c3vWkQDAEfRvSlh\/l3TkAFA\/CAA7RqcDEHmQj7M3A0LSEAYrZAUkAfKQAPoAiNgBqyBPXABHsAXBIFwsBL9w\/EgBQhAFlgLNoF8UAh2gb2gHFSBQ6AOHAMnQBvoBOfBZXAd9IEB8BgMghHwCkyCD2AagiA8RIXokBSkAKlC2pARZAHZQi6QFxQAhUNRUBzEgzKgtdAWqBAqhsqhaqge+g06DZ2HrkL90ENoCBqH3kJfYASmwGKwHKwG68MWsAPsCQfBK+A4OBXOhfPgnXAZXAMfhVvh8\/B1eAAehF\/BUwhAyAgDUUR0EQvECfFFIpBYRICsRwqQUqQGaUI6kB7kDjKITCCfMTgMHcPE6GKsMe6YYAwHk4pZj9mBKcfUYVoxFzF3MEOYScw3LBUri9XGWmFZ2DBsHDYLm48txR7GtmAvYQewI9gPOByOgVPHmePcceG4RNwa3A7cAVwzrgvXjxvGTeHxeCm8Nt4G74tn49Px+fj9+KP4c\/jb+BH8JwKZoEAwIrgSIgg8wmZCKaGBcJZwmzBKmCaKEFWJVkRfIpeYQywi1hI7iLeII8RpkihJnWRDCiIlkjaRykhNpEukJ6R3ZDJZiWxJ9icnkDeSy8jHyVfIQ+TPFBpFi+JEiaRkUHZSjlC6KA8p76hUqhrVnhpBTafupNZTL1CfUT8J0YX0hFhCXKENQhVCrUK3hV4LE4VVhR2EVwrnCpcKnxS+JTwhQhRRE3ESYYusF6kQOS1yX2RKlC5qKOormiK6Q7RB9KroGA1PU6O50Li0PNoh2gXaMB2hK9Od6Bz6Fnot\/RJ9RAwnpi7GEksUKxQ7JtYrNilOEzcRDxHPFq8QPyM+yEAYagwWI5lRxDjBuMf4IiEn4SARI7FdoknitsRHSRlJe8kYyQLJZskByS9STCkXqSSp3VJtUk+lMdJa0v7SWdIHpS9JT8iIyVjLcGQKZE7IPJKFZbVkA2TXyB6SvSE7JScv5ybHl9svd0FuQp4hby+fKF8if1Z+XIGuYKuQoFCicE7hJVOc6cBMZpYxLzInFWUV3RUzFKsVexWnldSVgpU2KzUrPVUmKVsoxyqXKHcrT6ooqHirrFVpVHmkSlS1UI1X3afao\/pRTV0tVG2bWpvamLqkOks9V71R\/YkGVcNOI1WjRuOuJk7TQjNJ84BmnxasZaoVr1WhdUsb1jbTTtA+oN2vg9Wx1OHp1Ojc16XoOuhm6jbqDukx9Lz0Nuu16b3WV9GP0N+t36P\/zcDUINmg1uCxIc3Qw3CzYYfhWyMtI45RhdFdY6qxq\/EG43bjNybaJjEmB00emNJNvU23mXabfjUzNxOYNZmNm6uYR5lXmt+3ELPws9hhccUSa+loucGy0\/KzlZlVutUJq7+tda2TrBusx5apL4tZVrts2EbJhm1TbTNoy7SNsv3FdtBO0Y5tV2P33F7Znmt\/2H7UQdMh0eGow2tHA0eBY4vjRycrp3VOXc6Is5tzgXOvC80l2KXc5Zmrkmuca6PrpJup2xq3Lnesu6f7bvf7LDkWh1XPmvQw91jncdGT4hnoWe753EvLS+DV4Q17e3jv8X7io+rD82nzBb4s3z2+T\/3U\/VL9fvfH+fv5V\/i\/CDAMWBvQE0gPXBXYEPghyDGoKOhxsEZwRnB3iHBIZEh9yMdQ59Di0MEw\/bB1YdfDpcMTwtsj8BEhEYcjppa7LN+7fCTSNDI\/8t4K9RXZK66ulF6ZvPLMKuFV7FUno7BRoVENUTNsX3YNeyqaFV0ZPclx4uzjvOLac0u44zE2McUxo7E2scWxY3E2cXvixuPt4kvjJxKcEsoT3iS6J1YlfkzyTTqSNJscmtycQkiJSjnNo\/GSeBdXy6\/OXt3P1+bn8wdTrVL3pk4KPAWH06C0FWnt6WKoqbmRoZGxNWMo0zazIvNTVkjWyWzRbF72jRytnO05o7muub+uwazhrOleq7h209qhdQ7rqtdD66PXd29Q3pC3YWSj28a6TaRNSZtubjbYXLz5\/ZbQLR15cnkb84a3um1tzBfKF+Tf32a9reonzE8JP\/VuN96+f\/u3Am7BtUKDwtLCmR2cHdd+Nvy57OfZnbE7e4vMig7uwu3i7bq32253XbFocW7x8B7vPa0lzJKCkvd7V+29WmpSWrWPtC9j32CZV1n7fpX9u\/bPlMeXD1Q4VjRXylZur\/x4gHvg9kH7g01VclWFVV9+SfjlQbVbdWuNWk3pIdyhzEMvakNqe361+LX+sPThwsNfj\/CODNYF1F2sN6+vb5BtKGqEGzMax49GHu075nysvUm3qbqZ0Vx4HBzPOP7yt6jf7p3wPNF90uJk0ynVU5Ut9JaCVqg1p3WyLb5tsD28vf+0x+nuDuuOlt\/1fj\/SqdhZcUb8TNFZ0tm8s7Pncs9NdfG7Js7HnR\/uXtX9+ELYhbsX\/S\/2XvK8dOWy6+ULPQ49567YXOm8anX19DWLa23Xza633jC90XLT9GZLr1lv6y3zW+19ln0d\/cv6z962u33+jvOdy3dZd68P+Az03wu+9+B+5P3BB9wHYw+TH755lPlo+vHGJ9gnBU9FnpY+k31W84fmH82DZoNnhpyHbjwPfP54mDP86s+0P2dG8l5QX5SOKozWjxmNdY67jve9XP5y5BX\/1fRE\/l+if1W+1nh96m\/7v29Mhk2OvBG8mX27453UuyPvTd53T\/lNPfuQ8mH6Y8EnqU91ny0+93wJ\/TI6nTWDnyn7qvm145vntyezKbOzfLaAPe8FELSHY2MBeHsEAGo4AHTUF5OEFrzwfAS04N9RnvPx817+P3nBL8\/HmwFQ7Q5AKAkAz60AlA8BoN6E5m0FYM4SBtkD2Nh46ZqfAkBarLHRPEIUAWpNPs3OvpMDAN8BwFfB7Oz0gdnZr7Wo13kIQFfqggefi\/bSRWPVvAKMjHu0rP+d6fvtX09E54R2l7VKAAAAz0lEQVR4Ae3bMQrEMAwEwNOR\/3\/ZSTrpCVlNKrvckWEhoDrn\/HwECBAgQGCLwH9LUDkJECBAgMAroPi8AwIECBBYJaD4Vo1bWAIECBBQfN4AAQIECKwSUHyrxi0sAQIECCg+b4AAAQIEVglcPW1V2W3oIM4ECBAg8HmBZ22veoiyx9c5nAkQIEAgXcCvzvQJy0eAAAECQ0DxDQ4XAgQIEEgXUHzpE5aPAAECBIaA4hscLgQIECCQLqD40icsHwECBAgMAcU3OFwIECBAIF3gBqjYChmNo1XeAAAAAElFTkSuQmCC\" alt=\"\" width=\"645\" height=\"15\" \/><\/p>\n<p style=\"text-align: justify;\">Der Fachschaftsrat Kultur- und Sozialanthropologie (FS KuSA) ist eine satzungsgem\u00e4\u00dfe Einrichtung der verfassten Studierendenschaft der Westf\u00e4lischen Wilhelms-Universit\u00e4t (WWU)\u00a0M\u00fcnster. Die verfasste Studierendenschaft der Westf\u00e4lischen Wilhelms-Universit\u00e4t M\u00fcnster ist eine K\u00f6rperschaft des \u00f6ffentlichen Rechts. Sie wird vertreten durch die AStA-Vorsitzende \/ den AStA-Vorsitzenden.<\/p>\n<p style=\"text-align: justify;\">Zentrales Impressum f\u00fcr den WWW-Serverbaum www.uni-muenster.de\/ der Westf\u00e4lischen Wilhelms-Universit\u00e4t M\u00fcnster:<\/p>\n<p style=\"text-align: justify;\"><a title=\"Link \u00f6ffnet neues Fenster\" href=\"..\/..\/de\/impressum.html\" target=\"_blank\" rel=\"external noopener noreferrer\">http:\/\/www.uni-muenster.de\/de\/impressum.html<\/a><\/p>\n<p style=\"text-align: justify;\"><img loading=\"lazy\" src=\"data:image\/png;base64,iVBORw0KGgoAAAANSUhEUgAAAb4AAAAPCAYAAACbbKqNAAAKd2lDQ1BJQ0MgUHJvZmlsZQAAeAHVlmdUFMkahqu7JwfCDAwZhpxzBslxyDmJyjBDhnEYMmZFXMEVRUQElAVZJSi4KkEWFTFgRFAx64IsAsq6GDCBchu4oOfcu\/\/un1vndPXTb331dXV\/Vee8AFC62Hx+MiwCQAovXRDg5sgMC49g4h8DBEgAGtqbszlpfAc\/Py\/wj+3DPQDNDd7Rncv1j2H\/fUCUG5PGAQDyQ4ejuWmcFJRPoTzD4QvSAYCPo9yXlc5HGdmIspgAXSDKJXMct8B1cxy9wJ3zMUEBTmhMHwAECpstiAOA\/ATVmZmcODQPeQZlAx43gQcARQdlW048m4vy3Np1UlJWz3EZyhrRP+SJ+4HZ7OilnGx23BIvfAs6E32xc0IaP5mdM\/\/wv+xSkjPQ\/zXfaGhP4SX7zNVGDL3GuGxnz0XmJ8\/XbF6P4QUHLuq8aB\/fRY4VuAYsMj\/d8Qf2C1rUc+OdfBY5Js1lKU8i22OuZvP5BRkBwYuclhnossi58UGhi8yNcV7SYxNcWYt6Qjpr6V1Jqz2X1gACQQ7gAQ7wBmyQBtJBDBCkx2Sno\/OA02p+jiAhLj6d6YDuuBgdJovH0dNhGhkYGs4N\/9+0ubO2sNh3jPkzBDGufdfS0fraXEP38c3vWkQDAEfRvSlh\/l3TkAFA\/CAA7RqcDEHmQj7M3A0LSEAYrZAUkAfKQAPoAiNgBqyBPXABHsAXBIFwsBL9w\/EgBQhAFlgLNoF8UAh2gb2gHFSBQ6AOHAMnQBvoBOfBZXAd9IEB8BgMghHwCkyCD2AagiA8RIXokBSkAKlC2pARZAHZQi6QFxQAhUNRUBzEgzKgtdAWqBAqhsqhaqge+g06DZ2HrkL90ENoCBqH3kJfYASmwGKwHKwG68MWsAPsCQfBK+A4OBXOhfPgnXAZXAMfhVvh8\/B1eAAehF\/BUwhAyAgDUUR0EQvECfFFIpBYRICsRwqQUqQGaUI6kB7kDjKITCCfMTgMHcPE6GKsMe6YYAwHk4pZj9mBKcfUYVoxFzF3MEOYScw3LBUri9XGWmFZ2DBsHDYLm48txR7GtmAvYQewI9gPOByOgVPHmePcceG4RNwa3A7cAVwzrgvXjxvGTeHxeCm8Nt4G74tn49Px+fj9+KP4c\/jb+BH8JwKZoEAwIrgSIgg8wmZCKaGBcJZwmzBKmCaKEFWJVkRfIpeYQywi1hI7iLeII8RpkihJnWRDCiIlkjaRykhNpEukJ6R3ZDJZiWxJ9icnkDeSy8jHyVfIQ+TPFBpFi+JEiaRkUHZSjlC6KA8p76hUqhrVnhpBTafupNZTL1CfUT8J0YX0hFhCXKENQhVCrUK3hV4LE4VVhR2EVwrnCpcKnxS+JTwhQhRRE3ESYYusF6kQOS1yX2RKlC5qKOormiK6Q7RB9KroGA1PU6O50Li0PNoh2gXaMB2hK9Od6Bz6Fnot\/RJ9RAwnpi7GEksUKxQ7JtYrNilOEzcRDxHPFq8QPyM+yEAYagwWI5lRxDjBuMf4IiEn4SARI7FdoknitsRHSRlJe8kYyQLJZskByS9STCkXqSSp3VJtUk+lMdJa0v7SWdIHpS9JT8iIyVjLcGQKZE7IPJKFZbVkA2TXyB6SvSE7JScv5ybHl9svd0FuQp4hby+fKF8if1Z+XIGuYKuQoFCicE7hJVOc6cBMZpYxLzInFWUV3RUzFKsVexWnldSVgpU2KzUrPVUmKVsoxyqXKHcrT6ooqHirrFVpVHmkSlS1UI1X3afao\/pRTV0tVG2bWpvamLqkOks9V71R\/YkGVcNOI1WjRuOuJk7TQjNJ84BmnxasZaoVr1WhdUsb1jbTTtA+oN2vg9Wx1OHp1Ojc16XoOuhm6jbqDukx9Lz0Nuu16b3WV9GP0N+t36P\/zcDUINmg1uCxIc3Qw3CzYYfhWyMtI45RhdFdY6qxq\/EG43bjNybaJjEmB00emNJNvU23mXabfjUzNxOYNZmNm6uYR5lXmt+3ELPws9hhccUSa+loucGy0\/KzlZlVutUJq7+tda2TrBusx5apL4tZVrts2EbJhm1TbTNoy7SNsv3FdtBO0Y5tV2P33F7Znmt\/2H7UQdMh0eGow2tHA0eBY4vjRycrp3VOXc6Is5tzgXOvC80l2KXc5Zmrkmuca6PrpJup2xq3Lnesu6f7bvf7LDkWh1XPmvQw91jncdGT4hnoWe753EvLS+DV4Q17e3jv8X7io+rD82nzBb4s3z2+T\/3U\/VL9fvfH+fv5V\/i\/CDAMWBvQE0gPXBXYEPghyDGoKOhxsEZwRnB3iHBIZEh9yMdQ59Di0MEw\/bB1YdfDpcMTwtsj8BEhEYcjppa7LN+7fCTSNDI\/8t4K9RXZK66ulF6ZvPLMKuFV7FUno7BRoVENUTNsX3YNeyqaFV0ZPclx4uzjvOLac0u44zE2McUxo7E2scWxY3E2cXvixuPt4kvjJxKcEsoT3iS6J1YlfkzyTTqSNJscmtycQkiJSjnNo\/GSeBdXy6\/OXt3P1+bn8wdTrVL3pk4KPAWH06C0FWnt6WKoqbmRoZGxNWMo0zazIvNTVkjWyWzRbF72jRytnO05o7muub+uwazhrOleq7h209qhdQ7rqtdD66PXd29Q3pC3YWSj28a6TaRNSZtubjbYXLz5\/ZbQLR15cnkb84a3um1tzBfKF+Tf32a9reonzE8JP\/VuN96+f\/u3Am7BtUKDwtLCmR2cHdd+Nvy57OfZnbE7e4vMig7uwu3i7bq32253XbFocW7x8B7vPa0lzJKCkvd7V+29WmpSWrWPtC9j32CZV1n7fpX9u\/bPlMeXD1Q4VjRXylZur\/x4gHvg9kH7g01VclWFVV9+SfjlQbVbdWuNWk3pIdyhzEMvakNqe361+LX+sPThwsNfj\/CODNYF1F2sN6+vb5BtKGqEGzMax49GHu075nysvUm3qbqZ0Vx4HBzPOP7yt6jf7p3wPNF90uJk0ynVU5Ut9JaCVqg1p3WyLb5tsD28vf+0x+nuDuuOlt\/1fj\/SqdhZcUb8TNFZ0tm8s7Pncs9NdfG7Js7HnR\/uXtX9+ELYhbsX\/S\/2XvK8dOWy6+ULPQ49567YXOm8anX19DWLa23Xza633jC90XLT9GZLr1lv6y3zW+19ln0d\/cv6z962u33+jvOdy3dZd68P+Az03wu+9+B+5P3BB9wHYw+TH755lPlo+vHGJ9gnBU9FnpY+k31W84fmH82DZoNnhpyHbjwPfP54mDP86s+0P2dG8l5QX5SOKozWjxmNdY67jve9XP5y5BX\/1fRE\/l+if1W+1nh96m\/7v29Mhk2OvBG8mX27453UuyPvTd53T\/lNPfuQ8mH6Y8EnqU91ny0+93wJ\/TI6nTWDnyn7qvm145vntyezKbOzfLaAPe8FELSHY2MBeHsEAGo4AHTUF5OEFrzwfAS04N9RnvPx817+P3nBL8\/HmwFQ7Q5AKAkAz60AlA8BoN6E5m0FYM4SBtkD2Nh46ZqfAkBarLHRPEIUAWpNPs3OvpMDAN8BwFfB7Oz0gdnZr7Wo13kIQFfqggefi\/bSRWPVvAKMjHu0rP+d6fvtX09E54R2l7VKAAAAz0lEQVR4Ae3bMQrEMAwEwNOR\/3\/ZSTrpCVlNKrvckWEhoDrn\/HwECBAgQGCLwH9LUDkJECBAgMAroPi8AwIECBBYJaD4Vo1bWAIECBBQfN4AAQIECKwSUHyrxi0sAQIECCg+b4AAAQIEVglcPW1V2W3oIM4ECBAg8HmBZ22veoiyx9c5nAkQIEAgXcCvzvQJy0eAAAECQ0DxDQ4XAgQIEEgXUHzpE5aPAAECBIaA4hscLgQIECCQLqD40icsHwECBAgMAcU3OFwIECBAIF3gBqjYChmNo1XeAAAAAElFTkSuQmCC\" alt=\"\" width=\"645\" height=\"15\" \/><\/p>\n<h3 style=\"text-align: justify;\"><strong>Disclaimer<\/strong><\/h3>\n<p style=\"text-align: justify;\">Die Texte und Fotos auf den durch das Impressum des Fachschaftsrates Kultur- und Sozialanthropologie beschriebenen Seiten sind urheberrechtlich gesch\u00fctzt. Die Texte und Fotos auf den durch das <a title=\"Link \u00f6ffnet neues Fenster\" href=\"..\/..\/de\/impressum.html\" target=\"_blank\" rel=\"external noopener noreferrer\">zentrale Impressum<\/a> der <a title=\"Link \u00f6ffnet neues Fenster\" href=\"..\/..\/\" target=\"_blank\" rel=\"external noopener noreferrer\">Westf\u00e4lischen Wilhelms-Universit\u00e4t M\u00fcnster<\/a> beschriebenen Seiten sind urheberrechtlich gesch\u00fctzt.<\/p>\n<p style=\"text-align: justify;\">Das Kopieren dieser Dateien und ihre evtl. Ver\u00e4nderung sind daher ohne Genehmigung des Rechteinhabers (soweit nicht anders gekennzeichnet, ist dies der Fachschaftsrat Kultur- und Sozialanthropologie bzw. die Westf\u00e4lische Wilhelms-Universit\u00e4t M\u00fcnster) nicht gestattet. Unber\u00fchrt davon bleibt das &#8222;Kopieren&#8220; der Dateien auf den eigenen Rechner, um sich die WWW-Seiten auf einem Browser anzuschauen. Ausgenommen sind ebenfalls die Pressemitteilungen des Fachschaftsrats Kultur- und Sozialanthropologie und der Westf\u00e4lischen Wilhelms-Universit\u00e4t M\u00fcnster. Sie sind dem Inhalt nach von jedermann frei und ohne besondere Genehmigung weiterverwendbar.<\/p>\n<p style=\"text-align: justify;\">Die Zusammenstellung der Informationen auf dieser Website wurde vom Fachschaftsrat Kultur- und Sozialanthropologie mit gr\u00f6\u00dftm\u00f6glicher Sorgfalt vorgenommen. Dennoch kann keinerlei Gew\u00e4hr f\u00fcr Aktualit\u00e4t, Richtigkeit, Vollst\u00e4ndigkeit und Qualit\u00e4t der bereitgestellten Daten \u00fcbernommen werden. Haftungsanspr\u00fcche gegen den Fachschaftsrat Kultur- und Sozialanthropologie oder die Autoren bzw. Verantwortlichen dieser Website f\u00fcr Sch\u00e4den materieller oder immaterieller Art, die auf eventuell fehlerhaften oder unvollst\u00e4ndigen Daten beruhen, sind, soweit nicht Vorsatz oder grobe Fahrl\u00e4ssigkeit vorliegt, ausgeschlossen.<\/p>\n<p style=\"text-align: justify;\">Das Vorgesagte gilt auch f\u00fcr Informationen auf Websites, auf die mittels eines Hyperlinks verwiesen wird. Der Inhalt dieser Websites liegt vollst\u00e4ndig au\u00dferhalb des Verantwortungs\u00adbereiches des Fachschaftsrates Kultur- und Sozialanthropologie. Die Websites waren jedoch zur Zeit der Verlinkung frei von illegalen Inhalten. Auf die Gestaltung der gelinkten Websites kann nicht Einfluss genommen werden. F\u00fcr Sch\u00e4den, die aus fehlerhaften oder unvollst\u00e4ndigen Inhalten auf den mittels Link verwiesenen Websites resultieren, haften der Fachschaftsrates Kultur- und Sozialanthropologie und die Autoren bzw. Verantwortlichen dieser Website nicht.<\/p>\n<p style=\"text-align: justify;\">Alle aus dieser Website entstehenden Rechtsstreitigkeiten unterliegen ausschlie\u00dflich deutschem Recht.<\/p>\n<div class=\"sharedaddy sd-sharing-enabled\"><div class=\"robots-nocontent sd-block sd-social sd-social-icon sd-sharing\"><h3 class=\"sd-title\">Teilen:<\/h3><div class=\"sd-content\"><ul><li class=\"share-facebook\"><a rel=\"nofollow noopener noreferrer\" data-shared=\"sharing-facebook-359\" class=\"share-facebook sd-button share-icon no-text\" href=\"https:\/\/www.uni-muenster.de\/FSKusa\/?page_id=359&amp;share=facebook\" target=\"_blank\" title=\"Klick, um auf Facebook zu teilen\"><span><\/span><span class=\"sharing-screen-reader-text\">Klick, um auf Facebook zu teilen (Wird in neuem Fenster ge\u00f6ffnet)<\/span><\/a><\/li><li class=\"share-twitter\"><a rel=\"nofollow noopener noreferrer\" data-shared=\"sharing-twitter-359\" class=\"share-twitter sd-button share-icon no-text\" href=\"https:\/\/www.uni-muenster.de\/FSKusa\/?page_id=359&amp;share=twitter\" target=\"_blank\" title=\"Klick, um \u00fcber Twitter zu teilen\"><span><\/span><span class=\"sharing-screen-reader-text\">Klick, um \u00fcber Twitter zu teilen (Wird in neuem Fenster ge\u00f6ffnet)<\/span><\/a><\/li><li><a href=\"#\" class=\"sharing-anchor sd-button share-more\"><span>Mehr<\/span><\/a><\/li><li class=\"share-end\"><\/li><\/ul><div class=\"sharing-hidden\"><div class=\"inner\" style=\"display: none;\"><ul><li class=\"share-email\"><a rel=\"nofollow noopener noreferrer\" data-shared=\"\" class=\"share-email sd-button share-icon no-text\" href=\"https:\/\/www.uni-muenster.de\/FSKusa\/?page_id=359&amp;share=email\" target=\"_blank\" title=\"Klick, um dies einem Freund per E-Mail zu senden\"><span><\/span><span class=\"sharing-screen-reader-text\">Klick, um dies einem Freund per E-Mail zu senden (Wird in neuem Fenster ge\u00f6ffnet)<\/span><\/a><\/li><li class=\"share-print\"><a rel=\"nofollow noopener noreferrer\" data-shared=\"\" class=\"share-print sd-button share-icon no-text\" href=\"https:\/\/www.uni-muenster.de\/FSKusa\/?page_id=359\" target=\"_blank\" title=\"Klicken zum Ausdrucken\"><span><\/span><span class=\"sharing-screen-reader-text\">Klicken zum Ausdrucken (Wird in neuem Fenster ge\u00f6ffnet)<\/span><\/a><\/li><li class=\"share-end\"><\/li><li class=\"share-reddit\"><a rel=\"nofollow noopener noreferrer\" data-shared=\"\" class=\"share-reddit sd-button share-icon no-text\" href=\"https:\/\/www.uni-muenster.de\/FSKusa\/?page_id=359&amp;share=reddit\" target=\"_blank\" title=\"Klick, um auf Reddit zu teilen\"><span><\/span><span class=\"sharing-screen-reader-text\">Klick, um auf Reddit zu teilen (Wird in neuem Fenster ge\u00f6ffnet)<\/span><\/a><\/li><li class=\"share-end\"><\/li><\/ul><\/div><\/div><\/div><\/div><\/div>","protected":false},"excerpt":{"rendered":"<p>F\u00fcr diese Seiten ist der Fachschaftsrat Kultur- und Sozialanthropologie (FS KuSA) der Westf\u00e4lischen-Wilhelms-Universit\u00e4t M\u00fcnster verantwortlich: Fachschaftsrat Kultur- und Sozialanthropologie Scharnhorststr. 100, 4. Stock 48151 M\u00fcnster Telefon: +49 (251) 8323055 E-Mail: fskusa@uni-muenster.de Der Fachschaftsrat Kultur- und Sozialanthropologie (FS KuSA) ist eine &hellip; <a href=\"https:\/\/www.uni-muenster.de\/FSKusa\/?page_id=359\">Weiterlesen <span class=\"meta-nav\">&rarr;<\/span><\/a><\/p>\n<div class=\"sharedaddy sd-sharing-enabled\"><div class=\"robots-nocontent sd-block sd-social sd-social-icon sd-sharing\"><h3 class=\"sd-title\">Teilen:<\/h3><div class=\"sd-content\"><ul><li class=\"share-facebook\"><a rel=\"nofollow noopener noreferrer\" data-shared=\"sharing-facebook-359\" class=\"share-facebook sd-button share-icon no-text\" href=\"https:\/\/www.uni-muenster.de\/FSKusa\/?page_id=359&amp;share=facebook\" target=\"_blank\" title=\"Klick, um auf Facebook zu teilen\"><span><\/span><span class=\"sharing-screen-reader-text\">Klick, um auf Facebook zu teilen (Wird in neuem Fenster ge\u00f6ffnet)<\/span><\/a><\/li><li class=\"share-twitter\"><a rel=\"nofollow noopener noreferrer\" data-shared=\"sharing-twitter-359\" class=\"share-twitter sd-button share-icon no-text\" href=\"https:\/\/www.uni-muenster.de\/FSKusa\/?page_id=359&amp;share=twitter\" target=\"_blank\" title=\"Klick, um \u00fcber Twitter zu teilen\"><span><\/span><span class=\"sharing-screen-reader-text\">Klick, um \u00fcber Twitter zu teilen (Wird in neuem Fenster ge\u00f6ffnet)<\/span><\/a><\/li><li><a href=\"#\" class=\"sharing-anchor sd-button share-more\"><span>Mehr<\/span><\/a><\/li><li class=\"share-end\"><\/li><\/ul><div class=\"sharing-hidden\"><div class=\"inner\" style=\"display: none;\"><ul><li class=\"share-email\"><a rel=\"nofollow noopener noreferrer\" data-shared=\"\" class=\"share-email sd-button share-icon no-text\" href=\"https:\/\/www.uni-muenster.de\/FSKusa\/?page_id=359&amp;share=email\" target=\"_blank\" title=\"Klick, um dies einem Freund per E-Mail zu senden\"><span><\/span><span class=\"sharing-screen-reader-text\">Klick, um dies einem Freund per E-Mail zu senden (Wird in neuem Fenster ge\u00f6ffnet)<\/span><\/a><\/li><li class=\"share-print\"><a rel=\"nofollow noopener noreferrer\" data-shared=\"\" class=\"share-print sd-button share-icon no-text\" href=\"https:\/\/www.uni-muenster.de\/FSKusa\/?page_id=359\" target=\"_blank\" title=\"Klicken zum Ausdrucken\"><span><\/span><span class=\"sharing-screen-reader-text\">Klicken zum Ausdrucken (Wird in neuem Fenster ge\u00f6ffnet)<\/span><\/a><\/li><li class=\"share-end\"><\/li><li class=\"share-reddit\"><a rel=\"nofollow noopener noreferrer\" data-shared=\"\" class=\"share-reddit sd-button share-icon no-text\" href=\"https:\/\/www.uni-muenster.de\/FSKusa\/?page_id=359&amp;share=reddit\" target=\"_blank\" title=\"Klick, um auf Reddit zu teilen\"><span><\/span><span class=\"sharing-screen-reader-text\">Klick, um auf Reddit zu teilen (Wird in neuem Fenster ge\u00f6ffnet)<\/span><\/a><\/li><li class=\"share-end\"><\/li><\/ul><\/div><\/div><\/div><\/div><\/div>","protected":false},"author":1,"featured_media":0,"parent":0,"menu_order":0,"comment_status":"open","ping_status":"open","template":"","meta":{"spay_email":""},"jetpack_shortlink":"https:\/\/wp.me\/P1fKBB-5N","jetpack_sharing_enabled":true,"_links":{"self":[{"href":"https:\/\/www.uni-muenster.de\/FSKusa\/index.php?rest_route=\/wp\/v2\/pages\/359"}],"collection":[{"href":"https:\/\/www.uni-muenster.de\/FSKusa\/index.php?rest_route=\/wp\/v2\/pages"}],"about":[{"href":"https:\/\/www.uni-muenster.de\/FSKusa\/index.php?rest_route=\/wp\/v2\/types\/page"}],"author":[{"embeddable":true,"href":"https:\/\/www.uni-muenster.de\/FSKusa\/index.php?rest_route=\/wp\/v2\/users\/1"}],"replies":[{"embeddable":true,"href":"https:\/\/www.uni-muenster.de\/FSKusa\/index.php?rest_route=%2Fwp%2Fv2%2Fcomments&post=359"}],"version-history":[{"count":8,"href":"https:\/\/www.uni-muenster.de\/FSKusa\/index.php?rest_route=\/wp\/v2\/pages\/359\/revisions"}],"predecessor-version":[{"id":2494,"href":"https:\/\/www.uni-muenster.de\/FSKusa\/index.php?rest_route=\/wp\/v2\/pages\/359\/revisions\/2494"}],"wp:attachment":[{"href":"https:\/\/www.uni-muenster.de\/FSKusa\/index.php?rest_route=%2Fwp%2Fv2%2Fmedia&parent=359"}],"curies":[{"name":"wp","href":"https:\/\/api.w.org\/{rel}","templated":true}]}}