{"id":34,"date":"2011-01-08T16:23:45","date_gmt":"2011-01-08T16:23:45","guid":{"rendered":"http:\/\/www.uni-muenster.de\/FSKusa\/?page_id=34"},"modified":"2011-10-26T12:32:53","modified_gmt":"2011-10-26T11:32:53","slug":"mitmachen","status":"publish","type":"page","link":"https:\/\/www.uni-muenster.de\/FSKusa\/?page_id=34","title":{"rendered":"Mitmachen"},"content":{"rendered":"<p style=\"text-align: justify;\">Die Fachschaft lebt von dem Engagement einzelner Studierender und kann immer Verst\u00e4rkung gebrauchen. Wir sind davon \u00fcberzeugt, dass eine lebendige Fachschaft in keinem Fach fehlen sollte. Die Aktivit\u00e4ten und Angebote der Fachschaft spielen als Bindeglied zwischen Studierenden, wissenschaftlichen Mitarbeitern und Dozenten eine tragende Rolle f\u00fcr das soziale Miteinander. Sie pr\u00e4gen somit zu einem nicht unerheblichen Teil die Erscheinung des Studiengangs und das universit\u00e4re Leben.<\/p>\n<p style=\"text-align: justify;\">Als Mitwirkende in der Fachschaft, habt ihr die M\u00f6glichkeit euch mit hochschulpolitischen Themen auseinanderzusetzen, die Arbeit in Gremien der universit\u00e4ren Selbstverwaltung und -organisation kennenzulernen sowie an der Organisation zahlreicher Veranstaltungen und Angebote f\u00fcr eure Kommilitoninnen und Kommilitonen mitzuwirken. Fachschaftsarbeit ist eine ehrenamtliche T\u00e4tigkeit, bei der sich jeder mit seinen F\u00e4higkeiten und M\u00f6glichkeiten einbringen und an der Verwirklichung eines gemeinschaftlichen Projekts mitwirken kann. Nicht zuletzt macht Fachschaftsarbeit viel Spa\u00df.<\/p>\n<p style=\"text-align: justify;\">Falls wir an dieser Stelle euer Interesse wecken konnten oder ihr schon lange mit dem Gedanken spielt, euch bei der Fachschaft einzubringen, laden wir euch herzlich ein, die Fachschaftsarbeit in einer unserer Fachschaftssitzungen kennenzulernen. Die aktuellen Zeiten findet ihr in unserer Rubrik &#8222;<a href=\"http:\/\/www.uni-muenster.de\/FSKusa\/?page_id=32\">Ansprechpartner<\/a>&#8222;.<\/p>\n<div class=\"sharedaddy sd-sharing-enabled\"><div class=\"robots-nocontent sd-block sd-social sd-social-icon sd-sharing\"><h3 class=\"sd-title\">Teilen:<\/h3><div class=\"sd-content\"><ul><li class=\"share-facebook\"><a rel=\"nofollow noopener noreferrer\" data-shared=\"sharing-facebook-34\" class=\"share-facebook sd-button share-icon no-text\" href=\"https:\/\/www.uni-muenster.de\/FSKusa\/?page_id=34&amp;share=facebook\" target=\"_blank\" title=\"Klick, um auf Facebook zu teilen\"><span><\/span><span class=\"sharing-screen-reader-text\">Klick, um auf Facebook zu teilen (Wird in neuem Fenster ge\u00f6ffnet)<\/span><\/a><\/li><li class=\"share-twitter\"><a rel=\"nofollow noopener noreferrer\" data-shared=\"sharing-twitter-34\" class=\"share-twitter sd-button share-icon no-text\" href=\"https:\/\/www.uni-muenster.de\/FSKusa\/?page_id=34&amp;share=twitter\" target=\"_blank\" title=\"Klick, um \u00fcber Twitter zu teilen\"><span><\/span><span class=\"sharing-screen-reader-text\">Klick, um \u00fcber Twitter zu teilen (Wird in neuem Fenster ge\u00f6ffnet)<\/span><\/a><\/li><li><a href=\"#\" class=\"sharing-anchor sd-button share-more\"><span>Mehr<\/span><\/a><\/li><li class=\"share-end\"><\/li><\/ul><div class=\"sharing-hidden\"><div class=\"inner\" style=\"display: none;\"><ul><li class=\"share-email\"><a rel=\"nofollow noopener noreferrer\" data-shared=\"\" class=\"share-email sd-button share-icon no-text\" href=\"https:\/\/www.uni-muenster.de\/FSKusa\/?page_id=34&amp;share=email\" target=\"_blank\" title=\"Klick, um dies einem Freund per E-Mail zu senden\"><span><\/span><span class=\"sharing-screen-reader-text\">Klick, um dies einem Freund per E-Mail zu senden (Wird in neuem Fenster ge\u00f6ffnet)<\/span><\/a><\/li><li class=\"share-print\"><a rel=\"nofollow noopener noreferrer\" data-shared=\"\" class=\"share-print sd-button share-icon no-text\" href=\"https:\/\/www.uni-muenster.de\/FSKusa\/?page_id=34\" target=\"_blank\" title=\"Klicken zum Ausdrucken\"><span><\/span><span class=\"sharing-screen-reader-text\">Klicken zum Ausdrucken (Wird in neuem Fenster ge\u00f6ffnet)<\/span><\/a><\/li><li class=\"share-end\"><\/li><li class=\"share-reddit\"><a rel=\"nofollow noopener noreferrer\" data-shared=\"\" class=\"share-reddit sd-button share-icon no-text\" href=\"https:\/\/www.uni-muenster.de\/FSKusa\/?page_id=34&amp;share=reddit\" target=\"_blank\" title=\"Klick, um auf Reddit zu teilen\"><span><\/span><span class=\"sharing-screen-reader-text\">Klick, um auf Reddit zu teilen (Wird in neuem Fenster ge\u00f6ffnet)<\/span><\/a><\/li><li class=\"share-end\"><\/li><\/ul><\/div><\/div><\/div><\/div><\/div>","protected":false},"excerpt":{"rendered":"<p>Die Fachschaft lebt von dem Engagement einzelner Studierender und kann immer Verst\u00e4rkung gebrauchen. Wir sind davon \u00fcberzeugt, dass eine lebendige Fachschaft in keinem Fach fehlen sollte. Die Aktivit\u00e4ten und Angebote der Fachschaft spielen als Bindeglied zwischen Studierenden, wissenschaftlichen Mitarbeitern und &hellip; <a href=\"https:\/\/www.uni-muenster.de\/FSKusa\/?page_id=34\">Weiterlesen <span class=\"meta-nav\">&rarr;<\/span><\/a><\/p>\n<div class=\"sharedaddy sd-sharing-enabled\"><div class=\"robots-nocontent sd-block sd-social sd-social-icon sd-sharing\"><h3 class=\"sd-title\">Teilen:<\/h3><div class=\"sd-content\"><ul><li class=\"share-facebook\"><a rel=\"nofollow noopener noreferrer\" data-shared=\"sharing-facebook-34\" class=\"share-facebook sd-button share-icon no-text\" href=\"https:\/\/www.uni-muenster.de\/FSKusa\/?page_id=34&amp;share=facebook\" target=\"_blank\" title=\"Klick, um auf Facebook zu teilen\"><span><\/span><span class=\"sharing-screen-reader-text\">Klick, um auf Facebook zu teilen (Wird in neuem Fenster ge\u00f6ffnet)<\/span><\/a><\/li><li class=\"share-twitter\"><a rel=\"nofollow noopener noreferrer\" data-shared=\"sharing-twitter-34\" class=\"share-twitter sd-button share-icon no-text\" href=\"https:\/\/www.uni-muenster.de\/FSKusa\/?page_id=34&amp;share=twitter\" target=\"_blank\" title=\"Klick, um \u00fcber Twitter zu teilen\"><span><\/span><span class=\"sharing-screen-reader-text\">Klick, um \u00fcber Twitter zu teilen (Wird in neuem Fenster ge\u00f6ffnet)<\/span><\/a><\/li><li><a href=\"#\" class=\"sharing-anchor sd-button share-more\"><span>Mehr<\/span><\/a><\/li><li class=\"share-end\"><\/li><\/ul><div class=\"sharing-hidden\"><div class=\"inner\" style=\"display: none;\"><ul><li class=\"share-email\"><a rel=\"nofollow noopener noreferrer\" data-shared=\"\" class=\"share-email sd-button share-icon no-text\" href=\"https:\/\/www.uni-muenster.de\/FSKusa\/?page_id=34&amp;share=email\" target=\"_blank\" title=\"Klick, um dies einem Freund per E-Mail zu senden\"><span><\/span><span class=\"sharing-screen-reader-text\">Klick, um dies einem Freund per E-Mail zu senden (Wird in neuem Fenster ge\u00f6ffnet)<\/span><\/a><\/li><li class=\"share-print\"><a rel=\"nofollow noopener noreferrer\" data-shared=\"\" class=\"share-print sd-button share-icon no-text\" href=\"https:\/\/www.uni-muenster.de\/FSKusa\/?page_id=34\" target=\"_blank\" title=\"Klicken zum Ausdrucken\"><span><\/span><span class=\"sharing-screen-reader-text\">Klicken zum Ausdrucken (Wird in neuem Fenster ge\u00f6ffnet)<\/span><\/a><\/li><li class=\"share-end\"><\/li><li class=\"share-reddit\"><a rel=\"nofollow noopener noreferrer\" data-shared=\"\" class=\"share-reddit sd-button share-icon no-text\" href=\"https:\/\/www.uni-muenster.de\/FSKusa\/?page_id=34&amp;share=reddit\" target=\"_blank\" title=\"Klick, um auf Reddit zu teilen\"><span><\/span><span class=\"sharing-screen-reader-text\">Klick, um auf Reddit zu teilen (Wird in neuem Fenster ge\u00f6ffnet)<\/span><\/a><\/li><li class=\"share-end\"><\/li><\/ul><\/div><\/div><\/div><\/div><\/div>","protected":false},"author":1,"featured_media":0,"parent":19,"menu_order":3,"comment_status":"open","ping_status":"open","template":"","meta":{"spay_email":""},"jetpack_shortlink":"https:\/\/wp.me\/P1fKBB-y","jetpack_sharing_enabled":true,"_links":{"self":[{"href":"https:\/\/www.uni-muenster.de\/FSKusa\/index.php?rest_route=\/wp\/v2\/pages\/34"}],"collection":[{"href":"https:\/\/www.uni-muenster.de\/FSKusa\/index.php?rest_route=\/wp\/v2\/pages"}],"about":[{"href":"https:\/\/www.uni-muenster.de\/FSKusa\/index.php?rest_route=\/wp\/v2\/types\/page"}],"author":[{"embeddable":true,"href":"https:\/\/www.uni-muenster.de\/FSKusa\/index.php?rest_route=\/wp\/v2\/users\/1"}],"replies":[{"embeddable":true,"href":"https:\/\/www.uni-muenster.de\/FSKusa\/index.php?rest_route=%2Fwp%2Fv2%2Fcomments&post=34"}],"version-history":[{"count":7,"href":"https:\/\/www.uni-muenster.de\/FSKusa\/index.php?rest_route=\/wp\/v2\/pages\/34\/revisions"}],"predecessor-version":[{"id":701,"href":"https:\/\/www.uni-muenster.de\/FSKusa\/index.php?rest_route=\/wp\/v2\/pages\/34\/revisions\/701"}],"up":[{"embeddable":true,"href":"https:\/\/www.uni-muenster.de\/FSKusa\/index.php?rest_route=\/wp\/v2\/pages\/19"}],"wp:attachment":[{"href":"https:\/\/www.uni-muenster.de\/FSKusa\/index.php?rest_route=%2Fwp%2Fv2%2Fmedia&parent=34"}],"curies":[{"name":"wp","href":"https:\/\/api.w.org\/{rel}","templated":true}]}}