{"id":604,"date":"2013-11-27T09:59:57","date_gmt":"2013-11-27T07:59:57","guid":{"rendered":"http:\/\/www.uni-muenster.de\/CareerService\/blog-erasmus\/?page_id=604"},"modified":"2024-05-24T10:42:58","modified_gmt":"2024-05-24T08:42:58","slug":"karte-der-erasmus-praktika","status":"publish","type":"page","link":"https:\/\/www.uni-muenster.de\/CareerService\/blog-erasmus\/karte-der-erasmus-praktika\/","title":{"rendered":"Interaktive Karte der Auslandspraktika"},"content":{"rendered":"<p>Legende zur Karte:<\/p>\n<p><img loading=\"lazy\" decoding=\"async\" src=\"https:\/\/www.uni-muenster.de\/CareerService\/blog-erasmus\/wp-content\/uploads\/2014\/02\/mapmarker-blogbeitraege-aus.png\" alt=\"mapmarker-blogbeitraege-aus\" width=\"20\" height=\"25\" \/> St\u00e4dte, aus denen unsere Blogger\/innen berichten<br \/>\n<img loading=\"lazy\" decoding=\"async\" class=\" wp-image-898 alignnone\" src=\"https:\/\/www.uni-muenster.de\/CareerService\/blog-erasmus\/wp-content\/uploads\/2014\/01\/mapmarker-praktikumsort3.png\" alt=\"mapmarker-praktikumsort\" width=\"20\" height=\"25\" \/> Praktikumsorte\/Arbeitgeber, \u00fcber die die Blogger\/innen berichten<br \/>\n<img loading=\"lazy\" decoding=\"async\" class=\" wp-image-899 alignnone\" src=\"https:\/\/www.uni-muenster.de\/CareerService\/blog-erasmus\/wp-content\/uploads\/2014\/01\/mapmarker-essentrinken-pantone3282.png\" alt=\"mapmarker-essentrinken-pantone3282\" width=\"20\" height=\"25\" \/> Freizeit-Tipps unserer Blogger\/innen zu &#8220;Essen\/Trinken&#8221;<br \/>\n<img loading=\"lazy\" decoding=\"async\" class=\" wp-image-900 alignnone\" src=\"https:\/\/www.uni-muenster.de\/CareerService\/blog-erasmus\/wp-content\/uploads\/2014\/01\/mapmarker-kunstkultur-pantone390.png\" alt=\"mapmarker-kunstkultur-pantone390\" width=\"20\" height=\"25\" \/> Freizeit-Tipps unserer Blogger\/innen zu &#8220;Kunst\/Kultur&#8221;<br \/>\n<img loading=\"lazy\" decoding=\"async\" class=\"wp-image-903 alignnone\" src=\"https:\/\/www.uni-muenster.de\/CareerService\/blog-erasmus\/wp-content\/uploads\/2014\/01\/mapmarker-einkaufen.png\" alt=\"mapmarker-einkaufen\" width=\"20\" height=\"25\" \/> Freizeit-Tipps unserer Blogger\/innen zu &#8220;Einkaufen&#8221;<br \/>\n<img loading=\"lazy\" decoding=\"async\" class=\" wp-image-1153 alignnone\" src=\"https:\/\/www.uni-muenster.de\/CareerService\/blog-erasmus\/wp-content\/uploads\/2014\/04\/mapmarker-ausflug.png\" alt=\"mapmarker-ausflug\" width=\"20\" height=\"25\" \/> Freizeit-Tipps unserer Blogger\/innen zu &#8220;Ausflugszielen&#8221;<\/p>\n<p>Viel Spa\u00df beim St\u00f6bern auf der Karte!<\/p>\n\r\n            \r\n            \r\n            \r\n            <a name='map1'><\/a>\r\n            <div class='wpgmza-marker-listing-category-filter' data-map-id='1' id='wpgmza_filter_1' style='text-align:left; margin-bottom:0px;'><span>Filter nach Kategorie<\/span><select mid=\"1\" id=\"wpgmza_filter_select\" name=\"wpgmza_filter_select\"><option value=\"0\">All<\/option><option value=\"5\">&nbsp;Blogbeitr\u00e4ge aus...<\/option><option value=\"3\">&nbsp;Praktikumsorte<\/option><\/select><\/div>\r\n            \r\n            \r\n            \r\n            <div class=\"wpgmza_map \"  id=\"wpgmza_map_1\" style=\"display:block; overflow:auto; width:100%; height:500px; float:left;\" data-settings='{\"id\":\"1\",\"map_title\":\"ERASMUS-Praktika der Universit\\u00e4t M\\u00fcnster\",\"map_width\":\"100\",\"map_height\":\"500\",\"map_start_lat\":\"41.64365009164828\",\"map_start_lng\":\"41.62251404344579\",\"map_start_location\":\"44.264732439422794,-15.80119043282027\",\"map_start_zoom\":\"2\",\"default_marker\":\"\",\"type\":\"1\",\"alignment\":\"1\",\"directions_enabled\":\"0\",\"styling_enabled\":\"0\",\"styling_json\":\"\",\"active\":\"0\",\"kml\":\"\",\"bicycle\":\"0\",\"traffic\":\"0\",\"dbox\":\"1\",\"dbox_width\":\"\",\"listmarkers\":\"0\",\"listmarkers_advanced\":\"0\",\"filterbycat\":\"1\",\"ugm_enabled\":\"0\",\"fusion\":\"\",\"map_width_type\":\"%\",\"map_height_type\":\"px\",\"mass_marker_support\":\"1\",\"ugm_access\":\"0\",\"order_markers_by\":\"5\",\"order_markers_choice\":\"2\",\"show_user_location\":\"0\",\"ugm_category_enabled\":\"0\",\"default_to\":\"\",\"other_settings\":{\"wpgmza_store_locator_restrict\":\"\",\"store_locator_bounce\":1,\"store_locator_query_string\":\"ZIP \\\/ Address:\",\"store_locator_name_string\":\"Title \\\/ Description:\",\"wpgmza_dbox_width_type\":\"px\",\"map_max_zoom\":\"1\",\"map_min_zoom\":\"15\",\"sl_stroke_color\":\"#000000\",\"sl_stroke_opacity\":\"0.25\",\"sl_fill_color\":\"#000000\",\"sl_fill_opacity\":\"0.15\",\"click_open_link\":false,\"transport_layer\":false,\"iw_primary_color\":\"#000000\",\"iw_accent_color\":\"#000000\",\"iw_text_color\":\"#000000\",\"wpgmza_iw_type\":\"0\",\"list_markers_by\":\"0\",\"push_in_map\":\"\",\"push_in_map_placement\":\"9\",\"wpgmza_push_in_map_width\":\"\",\"wpgmza_push_in_map_height\":\"\",\"wpgmza_theme_data\":\"\",\"upload_default_ul_marker\":\"\",\"upload_default_sl_marker\":\"\",\"shortcodeAttributes\":{\"id\":\"1\"},\"action\":\"wpgmza_save_map\",\"redirect_to\":\"\\\/CareerService\\\/blog-erasmus\\\/staging\\\/wp-admin\\\/admin-post.php\",\"map_id\":\"1\",\"http_referer\":\"\\\/CareerService\\\/blog-erasmus\\\/staging\\\/wp-admin\\\/admin.php?page=wp-google-maps-menu&amp;amp;action=edit&amp;amp;map_id=1\",\"wpgmza_id\":\"1\",\"wpgmza_start_location\":\"41.64365009164828,41.62251404344579\",\"wpgmza_start_zoom\":\"2\",\"default_from\":\"\",\"directions_behaviour\":\"default\",\"force_google_directions_app\":false,\"directions_route_origin_icon\":\"https:\\\/\\\/www.uni-muenster.de\\\/CareerService\\\/blog-erasmus\\\/wp-content\\\/plugins\\\/wp-google-maps\\\/images\\\/spotlight-poi3.png\",\"directions_origin_retina\":false,\"directions_route_destination_icon\":\"https:\\\/\\\/www.uni-muenster.de\\\/CareerService\\\/blog-erasmus\\\/wp-content\\\/plugins\\\/wp-google-maps\\\/images\\\/spotlight-poi3.png\",\"directions_destination_retina\":false,\"directions_route_stroke_color\":\"#4f8df5\",\"directions_route_stroke_weight\":\"4\",\"directions_route_stroke_opacity\":\"0.8\",\"directions_fit_bounds_to_route\":false,\"store_locator_enabled\":false,\"store_locator_search_area\":\"radial\",\"wpgmza_store_locator_radius_style\":\"legacy\",\"wpgmza_store_locator_default_radius\":\"10\",\"store_locator_auto_area_max_zoom\":\"\",\"store_locator_distance\":false,\"wpgmza_store_locator_position\":false,\"store_locator_show_distance\":false,\"store_locator_category\":false,\"wpgmza_store_locator_use_their_location\":false,\"wpgmza_store_locator_bounce\":false,\"upload_default_sl_marker_retina\":false,\"wpgmza_sl_animation\":\"0\",\"wpgmza_store_locator_hide_before_search\":false,\"store_locator_location_placeholder\":\"\",\"store_locator_default_address\":\"\",\"store_locator_name_search\":false,\"store_locator_not_found_message\":\"\",\"retina\":false,\"wpgmza_map_align\":\"1\",\"upload_default_ul_marker_retina\":false,\"jump_to_nearest_marker_on_initialization\":false,\"automatically_pan_to_users_location\":false,\"override_users_location_zoom_level\":false,\"override_users_location_zoom_levels\":\"\",\"show_distance_from_location\":false,\"fit_maps_bounds_to_markers\":false,\"fit_maps_bounds_to_markers_after_filtering\":false,\"hide_point_of_interest\":false,\"wpgmza_zoom_on_marker_click\":true,\"wpgmza_zoom_on_marker_click_slider\":\"4\",\"close_infowindow_on_map_click\":true,\"disable_lightbox_images\":false,\"use_Raw_Jpeg_Coordinates\":false,\"disable_polygon_info_windows\":false,\"enable_advanced_custom_fields_integration\":false,\"enable_toolset_woocommerce_integration\":false,\"enable_woo_product_integration\":false,\"only_load_markers_within_viewport\":false,\"wpgmza_listmarkers_by\":\"0\",\"wpgmza_marker_listing_position\":false,\"zoom_level_on_marker_listing_override\":false,\"zoom_level_on_marker_listing_click\":\"\",\"marker_listing_disable_zoom\":false,\"datatable_no_result_message\":\"\",\"remove_search_box_datables\":false,\"dataTable_pagination_style\":\"default\",\"datatable_search_string\":\"\",\"datatable_result_start\":\"\",\"datatable_result_of\":\"\",\"datatable_result_to\":\"\",\"datatable_result_total\":\"\",\"datatable_result_show\":\"\",\"datatable_result_entries\":\"\",\"wpgmza_savemap\":\"Karte speichern \\u00bb\",\"enable_marker_labels\":false,\"zoom_level_mobile_override_enabled\":false,\"zoom_level_mobile_override\":\"\"}}' data-map-id='1' data-shortcode-attributes='{\"id\":\"1\"}'> <\/div>\r\n            \r\n               \r\n        \n<em>Disclaimer: F\u00fcr die Aktualit\u00e4t und Inhalte der in der Karte verlinkten Angebote \u00fcbernimmt der Career Service keine Gew\u00e4hr.<\/em><\/p>\n<p>&nbsp;<\/p>\n","protected":false},"excerpt":{"rendered":"<p>Legende zur Karte: St\u00e4dte, aus denen unsere Blogger\/innen berichten Praktikumsorte\/Arbeitgeber, \u00fcber die die Blogger\/innen berichten Freizeit-Tipps unserer Blogger\/innen zu &#8220;Essen\/Trinken&#8221; Freizeit-Tipps unserer Blogger\/innen zu &#8220;Kunst\/Kultur&#8221; Freizeit-Tipps unserer Blogger\/innen zu &#8220;Einkaufen&#8221; Freizeit-Tipps unserer Blogger\/innen zu &#8220;Ausflugszielen&#8221; Viel Spa\u00df beim St\u00f6bern auf der Karte! Disclaimer: F\u00fcr die Aktualit\u00e4t und Inhalte der in der Karte verlinkten Angebote \u00fcbernimmt [&hellip;]<\/p>\n","protected":false},"author":1,"featured_media":0,"parent":0,"menu_order":0,"comment_status":"closed","ping_status":"closed","template":"","meta":{"footnotes":""},"class_list":["post-604","page","type-page","status-publish","hentry"],"_links":{"self":[{"href":"https:\/\/www.uni-muenster.de\/CareerService\/blog-erasmus\/wp-json\/wp\/v2\/pages\/604"}],"collection":[{"href":"https:\/\/www.uni-muenster.de\/CareerService\/blog-erasmus\/wp-json\/wp\/v2\/pages"}],"about":[{"href":"https:\/\/www.uni-muenster.de\/CareerService\/blog-erasmus\/wp-json\/wp\/v2\/types\/page"}],"author":[{"embeddable":true,"href":"https:\/\/www.uni-muenster.de\/CareerService\/blog-erasmus\/wp-json\/wp\/v2\/users\/1"}],"replies":[{"embeddable":true,"href":"https:\/\/www.uni-muenster.de\/CareerService\/blog-erasmus\/wp-json\/wp\/v2\/comments?post=604"}],"version-history":[{"count":13,"href":"https:\/\/www.uni-muenster.de\/CareerService\/blog-erasmus\/wp-json\/wp\/v2\/pages\/604\/revisions"}],"predecessor-version":[{"id":10663,"href":"https:\/\/www.uni-muenster.de\/CareerService\/blog-erasmus\/wp-json\/wp\/v2\/pages\/604\/revisions\/10663"}],"wp:attachment":[{"href":"https:\/\/www.uni-muenster.de\/CareerService\/blog-erasmus\/wp-json\/wp\/v2\/media?parent=604"}],"curies":[{"name":"wp","href":"https:\/\/api.w.org\/{rel}","templated":true}]}}