{"id":2,"date":"2013-09-16T13:30:44","date_gmt":"2013-09-16T13:30:44","guid":{"rendered":"http:\/\/www.uni-muenster.de\/CareerService\/blog-erasmus\/?page_id=2"},"modified":"2024-12-09T11:19:03","modified_gmt":"2024-12-09T09:19:03","slug":"about","status":"publish","type":"page","link":"https:\/\/www.uni-muenster.de\/CareerService\/blog-erasmus\/about\/","title":{"rendered":"\u00dcber diesen Blog"},"content":{"rendered":"<p>Herzlich Willkommen auf &#8220;Hinterm Horizont&#8221;, dem Blog des Career Service der Universit\u00e4t M\u00fcnster zum Thema Auslandspraktikum.<\/p>\n<p><a class=\"trawell-popup-img\" href=https:\/\/www.uni-muenster.de\/CareerService\/blog-erasmus\/wp-content\/uploads\/2024\/02\/blog-retina-logo.png  data-size=\"{&quot;w&quot;:1920,&quot;h&quot;:1280}\" ><img loading=\"lazy\" decoding=\"async\" class=\"size-full wp-image-17462 alignleft\" src=\"https:\/\/www.uni-muenster.de\/CareerService\/blog-erasmus\/wp-content\/uploads\/2024\/02\/blog-retina-logo.png\" alt=\"\" width=\"270\" height=\"112\" \/><\/a><\/p>\n<p>Sie sind interessiert an einem Auslandspraktikum, m\u00f6chten mehr \u00fcber die Erfahrungen vor Ort, \u00fcber andere Lebens- und Arbeitswelten oder \u00fcber potenzielle Praktikumsstellen wissen? Dann sind Sie hier genau richtig! Zahlreiche Praktikant:innen der Universit\u00e4t M\u00fcnster teilen Ihre Erlebnisse und berichten live aus ihrem Auslandspraktikum.<\/p>\n<p>&nbsp;<\/p>\n<p>Neues Design &#8211; aber immer noch ganz der Alte: W\u00e4hrend dem Blog ein neuer Anstrich verpasst wurde, sind alle vorherigen Blog-Eintr\u00e4ge wie gewohnt f\u00fcr Sie verf\u00fcgbar. Au\u00dferdem stehen Ihnen neue Filterm\u00f6glichkeiten nach Berufsfeldern und Fachbereichen zur Verf\u00fcgung. Viel Spa\u00df beim St\u00f6bern, Lesen und Kommentieren!<\/p>\n<p><strong>Haben Sie Interesse an Informationen zu den Themen Planung, Durchf\u00fchrung und Finanzierung eines Auslandspraktikums?<\/strong><\/p>\n<p>Im Men\u00fc unter dem Reiter &#8220;Tipps, Tricks und Infos&#8221; finden Sie weiterf\u00fchrende Informationen und unser breites Veranstaltungsangebot mit Themen von Berufsorientierung, (Auslands-)Praktika, \u00dcberfachliche Kompetenzen, Berufe und Arbeitgeber bis hin zu Stellensuche und Bewerbung.<\/p>\n<p><strong>Sie haben Lust bekommen selber zu bloggen?<\/strong><\/p>\n<p>Wenn Sie an der Universit\u00e4t M\u00fcnster immatrikuliert sind und bereits konkrete Pl\u00e4ne f\u00fcr ein Auslandspraktikum haben, k\u00f6nnen Sie sich gerne an uns wenden. Schreiben Sie daf\u00fcr bitte eine E-Mail an praktikumsfinanzierung@uni-muenster.de, in der Sie uns n\u00e4here Infos zu ihrem Studiengang, Arbeitgeber, Ort und Zeitraum zukommen lassen, sowie in einigen S\u00e4tze ihre Motivation darlegen.<\/p>\n<p><em>Disclaimer: Alle Beitr\u00e4ge, die von den studentischen Blogger:innen verfasst werden, geben die Meinung der Gastautoren wieder und nicht die Meinung des Blogbetreibers.<\/em><\/p>\n","protected":false},"excerpt":{"rendered":"<p>Herzlich Willkommen auf &#8220;Hinterm Horizont&#8221;, dem Blog des Career Service der Universit\u00e4t M\u00fcnster zum Thema Auslandspraktikum. Sie sind interessiert an einem Auslandspraktikum, m\u00f6chten mehr \u00fcber die Erfahrungen vor Ort, \u00fcber andere Lebens- und Arbeitswelten oder \u00fcber potenzielle Praktikumsstellen wissen? Dann sind Sie hier genau richtig! Zahlreiche Praktikant:innen der Universit\u00e4t M\u00fcnster teilen Ihre Erlebnisse und berichten [&hellip;]<\/p>\n","protected":false},"author":1,"featured_media":18991,"parent":0,"menu_order":0,"comment_status":"closed","ping_status":"closed","template":"","meta":{"footnotes":""},"class_list":["post-2","page","type-page","status-publish","has-post-thumbnail","hentry"],"_links":{"self":[{"href":"https:\/\/www.uni-muenster.de\/CareerService\/blog-erasmus\/wp-json\/wp\/v2\/pages\/2"}],"collection":[{"href":"https:\/\/www.uni-muenster.de\/CareerService\/blog-erasmus\/wp-json\/wp\/v2\/pages"}],"about":[{"href":"https:\/\/www.uni-muenster.de\/CareerService\/blog-erasmus\/wp-json\/wp\/v2\/types\/page"}],"author":[{"embeddable":true,"href":"https:\/\/www.uni-muenster.de\/CareerService\/blog-erasmus\/wp-json\/wp\/v2\/users\/1"}],"replies":[{"embeddable":true,"href":"https:\/\/www.uni-muenster.de\/CareerService\/blog-erasmus\/wp-json\/wp\/v2\/comments?post=2"}],"version-history":[{"count":13,"href":"https:\/\/www.uni-muenster.de\/CareerService\/blog-erasmus\/wp-json\/wp\/v2\/pages\/2\/revisions"}],"predecessor-version":[{"id":17629,"href":"https:\/\/www.uni-muenster.de\/CareerService\/blog-erasmus\/wp-json\/wp\/v2\/pages\/2\/revisions\/17629"}],"wp:featuredmedia":[{"embeddable":true,"href":"https:\/\/www.uni-muenster.de\/CareerService\/blog-erasmus\/wp-json\/wp\/v2\/media\/18991"}],"wp:attachment":[{"href":"https:\/\/www.uni-muenster.de\/CareerService\/blog-erasmus\/wp-json\/wp\/v2\/media?parent=2"}],"curies":[{"name":"wp","href":"https:\/\/api.w.org\/{rel}","templated":true}]}}